{"id":1575,"date":"2024-07-30T11:40:30","date_gmt":"2024-07-30T11:40:30","guid":{"rendered":"https:\/\/casaboissier.com\/galeria-de-imagenes-casa-boissier-2\/"},"modified":"2024-10-03T08:43:32","modified_gmt":"2024-10-03T08:43:32","slug":"destino-y-actividades-casa-boissier","status":"publish","type":"page","link":"https:\/\/casaboissier.com\/de\/destino-y-actividades-casa-boissier\/","title":{"rendered":"Destino y Actividades Casa Boissier"},"content":{"rendered":"\t\t<div data-elementor-type=\"wp-page\" data-elementor-id=\"1575\" class=\"elementor elementor-1575\" data-elementor-post-type=\"page\">\n\t\t\t\t<div class=\"elementor-element elementor-element-6893013 e-flex e-con-boxed e-con e-parent\" data-id=\"6893013\" data-element_type=\"container\" data-e-type=\"container\" data-settings=\"{&quot;background_background&quot;:&quot;classic&quot;}\">\n\t\t\t\t\t<div class=\"e-con-inner\">\n\t\t\t\t\t<\/div>\n\t\t\t\t<\/div>\n\t\t<div class=\"elementor-element elementor-element-64c8e0f e-flex e-con-boxed e-con e-parent\" data-id=\"64c8e0f\" data-element_type=\"container\" data-e-type=\"container\">\n\t\t\t\t\t<div class=\"e-con-inner\">\n\t\t<div class=\"elementor-element elementor-element-c100cb4 e-con-full e-flex e-con e-child\" data-id=\"c100cb4\" data-element_type=\"container\" data-e-type=\"container\">\n\t\t\t\t<div class=\"elementor-element elementor-element-bb9ac4b elementor-widget elementor-widget-text-editor\" data-id=\"bb9ac4b\" data-element_type=\"widget\" data-e-type=\"widget\" data-widget_type=\"text-editor.default\">\n\t\t\t\t<div class=\"elementor-widget-container\">\n\t\t\t\t\t\t\t\t\t<h1>Reiseziele und Aktivit\u00e4ten<\/h1>\t\t\t\t\t\t\t\t<\/div>\n\t\t\t\t<\/div>\n\t\t\t\t<div class=\"elementor-element elementor-element-c35035a elementor-widget-divider--view-line elementor-widget elementor-widget-divider\" data-id=\"c35035a\" data-element_type=\"widget\" data-e-type=\"widget\" data-widget_type=\"divider.default\">\n\t\t\t\t<div class=\"elementor-widget-container\">\n\t\t\t\t\t\t\t<div class=\"elementor-divider\">\n\t\t\t<span class=\"elementor-divider-separator\">\n\t\t\t\t\t\t<\/span>\n\t\t<\/div>\n\t\t\t\t\t\t<\/div>\n\t\t\t\t<\/div>\n\t\t\t\t<div class=\"elementor-element elementor-element-aa2cce1 elementor-widget elementor-widget-text-editor\" data-id=\"aa2cce1\" data-element_type=\"widget\" data-e-type=\"widget\" data-widget_type=\"text-editor.default\">\n\t\t\t\t<div class=\"elementor-widget-container\">\n\t\t\t\t\t\t\t\t\t<p>Unser Hotel liegt im Herzen von Las Palmas de Gran Canaria und l\u00e4dt Sie ein, eine Insel zu entdecken, die den Charme der Tradition perfekt mit der Modernit\u00e4t einer kosmopolitischen Stadt verbindet. Las Palmas de Gran Canaria ist ein pulsierendes Reiseziel, bekannt f\u00fcr sein privilegiertes Klima, seine spektakul\u00e4ren Str\u00e4nde und ein kulturelles und gastronomisches Angebot, das jeden Besucher verzaubert.<\/p>\t\t\t\t\t\t\t\t<\/div>\n\t\t\t\t<\/div>\n\t\t\t\t<\/div>\n\t\t<div class=\"elementor-element elementor-element-defe440 e-con-full e-flex e-con e-child\" data-id=\"defe440\" data-element_type=\"container\" data-e-type=\"container\" data-settings=\"{&quot;background_background&quot;:&quot;classic&quot;}\">\n\t\t\t\t<\/div>\n\t\t\t\t\t<\/div>\n\t\t\t\t<\/div>\n\t\t<div class=\"elementor-element elementor-element-283ad6e e-flex e-con-boxed e-con e-parent\" data-id=\"283ad6e\" data-element_type=\"container\" data-e-type=\"container\">\n\t\t\t\t\t<div class=\"e-con-inner\">\n\t\t<div class=\"elementor-element elementor-element-ffe379a e-con-full e-flex e-con e-child\" data-id=\"ffe379a\" data-element_type=\"container\" data-e-type=\"container\" data-settings=\"{&quot;background_background&quot;:&quot;classic&quot;}\">\n\t\t\t\t<\/div>\n\t\t<div class=\"elementor-element elementor-element-0485cc9 e-con-full e-flex e-con e-child\" data-id=\"0485cc9\" data-element_type=\"container\" data-e-type=\"container\">\n\t\t\t\t<div class=\"elementor-element elementor-element-f377b8c elementor-widget elementor-widget-heading\" data-id=\"f377b8c\" data-element_type=\"widget\" data-e-type=\"widget\" data-widget_type=\"heading.default\">\n\t\t\t\t<div class=\"elementor-widget-container\">\n\t\t\t\t\t<h2 class=\"elementor-heading-title elementor-size-default\">Str\u00e4nde und Natur\n<\/h2>\t\t\t\t<\/div>\n\t\t\t\t<\/div>\n\t\t\t\t<div class=\"elementor-element elementor-element-8a6ec21 elementor-widget-divider--view-line elementor-widget elementor-widget-divider\" data-id=\"8a6ec21\" data-element_type=\"widget\" data-e-type=\"widget\" data-widget_type=\"divider.default\">\n\t\t\t\t<div class=\"elementor-widget-container\">\n\t\t\t\t\t\t\t<div class=\"elementor-divider\">\n\t\t\t<span class=\"elementor-divider-separator\">\n\t\t\t\t\t\t<\/span>\n\t\t<\/div>\n\t\t\t\t\t\t<\/div>\n\t\t\t\t<\/div>\n\t\t\t\t<div class=\"elementor-element elementor-element-3b2c1fc elementor-widget elementor-widget-text-editor\" data-id=\"3b2c1fc\" data-element_type=\"widget\" data-e-type=\"widget\" data-widget_type=\"text-editor.default\">\n\t\t\t\t<div class=\"elementor-widget-container\">\n\t\t\t\t\t\t\t\t\t<p>Nur 700 Meter entfernt finden Sie <a href=\"https:\/\/www.laspalmasgc.es\/export\/sites\/laspalmasgc\/.galleries\/documentos-medio-ambiente\/Servicios-de-Las-Alcaravaneras.pdf\" target=\"_blank\" rel=\"noopener\">Playa de las Alcaravaneras<\/a>, ein urbanes Paradies mit kristallklarem Wasser und entspannter Atmosph\u00e4re. Wenn Sie den am h\u00f6chsten bewerteten Stadtstrand Europas genie\u00dfen m\u00f6chten, finden Sie ihn weniger als zwei Kilometer von unserem Hotel entfernt: den ber\u00fchmten <a href=\"https:\/\/www.grancanaria.com\/turismo\/es\/playas\/las-canteras\/\" target=\"_blank\" rel=\"noopener\">Playa de Las Canteras<\/a>. Dieser ikonische Ort ist ideal zum Schwimmen, Schnorcheln oder einfach zum Entspannen unter der Sonne. Wenn Sie ein Naturliebhaber sind, d\u00fcrfen Sie es nicht vers\u00e4umen,<br \/>den beeindruckenden Botanischen Garten Viera y Clavijo zu erkunden, der 1952 eingeweiht wurde, oder die spektakul\u00e4re Vulkanlandschaft der Caldera de Bandama,<br \/>die perfekt f\u00fcr Abenteurer ist, die wandern m\u00f6chten.<\/p>\t\t\t\t\t\t\t\t<\/div>\n\t\t\t\t<\/div>\n\t\t\t\t<\/div>\n\t\t\t\t\t<\/div>\n\t\t\t\t<\/div>\n\t\t<div class=\"elementor-element elementor-element-1371c52 e-flex e-con-boxed e-con e-parent\" data-id=\"1371c52\" data-element_type=\"container\" data-e-type=\"container\">\n\t\t\t\t\t<div class=\"e-con-inner\">\n\t\t<div class=\"elementor-element elementor-element-fb2402a e-con-full e-flex e-con e-child\" data-id=\"fb2402a\" data-element_type=\"container\" data-e-type=\"container\">\n\t\t\t\t<div class=\"elementor-element elementor-element-6bae885 elementor-widget elementor-widget-heading\" data-id=\"6bae885\" data-element_type=\"widget\" data-e-type=\"widget\" data-widget_type=\"heading.default\">\n\t\t\t\t<div class=\"elementor-widget-container\">\n\t\t\t\t\t<h2 class=\"elementor-heading-title elementor-size-default\">Kultur und Geschichte\n<\/h2>\t\t\t\t<\/div>\n\t\t\t\t<\/div>\n\t\t\t\t<div class=\"elementor-element elementor-element-faefc74 elementor-widget-divider--view-line elementor-widget elementor-widget-divider\" data-id=\"faefc74\" data-element_type=\"widget\" data-e-type=\"widget\" data-widget_type=\"divider.default\">\n\t\t\t\t<div class=\"elementor-widget-container\">\n\t\t\t\t\t\t\t<div class=\"elementor-divider\">\n\t\t\t<span class=\"elementor-divider-separator\">\n\t\t\t\t\t\t<\/span>\n\t\t<\/div>\n\t\t\t\t\t\t<\/div>\n\t\t\t\t<\/div>\n\t\t\t\t<div class=\"elementor-element elementor-element-22cf016 elementor-widget elementor-widget-text-editor\" data-id=\"22cf016\" data-element_type=\"widget\" data-e-type=\"widget\" data-widget_type=\"text-editor.default\">\n\t\t\t\t<div class=\"elementor-widget-container\">\n\t\t\t\t\t\t\t\t\t<p>Las Palmas ist eine Stadt voller Geschichte, von der majest\u00e4tischen Kathedrale Santa Ana bis zur Casa de Col\u00f3n, wo Sie in die faszinierende Vergangenheit der Insel eintauchen k\u00f6nnen. Schlendern Sie durch das charmante Viertel Vegueta mit seinen Kopfsteinpflasterstra\u00dfen und der Kolonialarchitektur und entdecken Sie ein kulturelles Angebot, das Museen wie das Kanarische Museum, Kunstgalerien und Veranstaltungen umfasst, die das Beste der kanarischen Kultur feiern.<\/p>\t\t\t\t\t\t\t\t<\/div>\n\t\t\t\t<\/div>\n\t\t\t\t<\/div>\n\t\t<div class=\"elementor-element elementor-element-b9d15a8 e-con-full e-flex e-con e-child\" data-id=\"b9d15a8\" data-element_type=\"container\" data-e-type=\"container\" data-settings=\"{&quot;background_background&quot;:&quot;classic&quot;}\">\n\t\t\t\t<\/div>\n\t\t\t\t\t<\/div>\n\t\t\t\t<\/div>\n\t\t<div class=\"elementor-element elementor-element-9da59c9 e-flex e-con-boxed e-con e-parent\" data-id=\"9da59c9\" data-element_type=\"container\" data-e-type=\"container\">\n\t\t\t\t\t<div class=\"e-con-inner\">\n\t\t<div class=\"elementor-element elementor-element-5eda9cc e-con-full e-flex e-con e-child\" data-id=\"5eda9cc\" data-element_type=\"container\" data-e-type=\"container\" data-settings=\"{&quot;background_background&quot;:&quot;classic&quot;}\">\n\t\t\t\t<\/div>\n\t\t<div class=\"elementor-element elementor-element-41425f0 e-con-full e-flex e-con e-child\" data-id=\"41425f0\" data-element_type=\"container\" data-e-type=\"container\">\n\t\t\t\t<div class=\"elementor-element elementor-element-228c9e7 elementor-widget elementor-widget-heading\" data-id=\"228c9e7\" data-element_type=\"widget\" data-e-type=\"widget\" data-widget_type=\"heading.default\">\n\t\t\t\t<div class=\"elementor-widget-container\">\n\t\t\t\t\t<h2 class=\"elementor-heading-title elementor-size-default\">Gastronomie<\/h2>\t\t\t\t<\/div>\n\t\t\t\t<\/div>\n\t\t\t\t<div class=\"elementor-element elementor-element-286f434 elementor-widget-divider--view-line elementor-widget elementor-widget-divider\" data-id=\"286f434\" data-element_type=\"widget\" data-e-type=\"widget\" data-widget_type=\"divider.default\">\n\t\t\t\t<div class=\"elementor-widget-container\">\n\t\t\t\t\t\t\t<div class=\"elementor-divider\">\n\t\t\t<span class=\"elementor-divider-separator\">\n\t\t\t\t\t\t<\/span>\n\t\t<\/div>\n\t\t\t\t\t\t<\/div>\n\t\t\t\t<\/div>\n\t\t\t\t<div class=\"elementor-element elementor-element-b6f2eba elementor-widget elementor-widget-text-editor\" data-id=\"b6f2eba\" data-element_type=\"widget\" data-e-type=\"widget\" data-widget_type=\"text-editor.default\">\n\t\t\t\t<div class=\"elementor-widget-container\">\n\t\t\t\t\t\t\t\t\t<p>Die Gastronomie von Gran Canaria ist ein Erlebnis f\u00fcr sich. Rund um unser Hotel finden Sie eine Vielzahl von Restaurants und Bars, in denen Sie typische Gerichte wie kanarisches Sancocho, \u201ePapas Arrugadas\u201c mit Mojo-Sauce oder den exquisiten Gofio probieren k\u00f6nnen, alles begleitet von einem Glas lokalen Weins. Von trNeben M\u00e4rkten bis hin zu Gourmet-Optionen ist die Insel ein ideales Reiseziel f\u00fcr Feinschmecker.<\/p>\t\t\t\t\t\t\t\t<\/div>\n\t\t\t\t<\/div>\n\t\t\t\t<\/div>\n\t\t\t\t\t<\/div>\n\t\t\t\t<\/div>\n\t\t<div class=\"elementor-element elementor-element-a5be8b9 e-flex e-con-boxed e-con e-parent\" data-id=\"a5be8b9\" data-element_type=\"container\" data-e-type=\"container\">\n\t\t\t\t\t<div class=\"e-con-inner\">\n\t\t<div class=\"elementor-element elementor-element-08340ea e-con-full e-flex e-con e-child\" data-id=\"08340ea\" data-element_type=\"container\" data-e-type=\"container\">\n\t\t\t\t<div class=\"elementor-element elementor-element-27a0251 elementor-widget elementor-widget-heading\" data-id=\"27a0251\" data-element_type=\"widget\" data-e-type=\"widget\" data-widget_type=\"heading.default\">\n\t\t\t\t<div class=\"elementor-widget-container\">\n\t\t\t\t\t<h2 class=\"elementor-heading-title elementor-size-default\">Sport und Outdoor-Aktivit\u00e4ten<\/h2>\t\t\t\t<\/div>\n\t\t\t\t<\/div>\n\t\t\t\t<div class=\"elementor-element elementor-element-08d3004 elementor-widget-divider--view-line elementor-widget elementor-widget-divider\" data-id=\"08d3004\" data-element_type=\"widget\" data-e-type=\"widget\" data-widget_type=\"divider.default\">\n\t\t\t\t<div class=\"elementor-widget-container\">\n\t\t\t\t\t\t\t<div class=\"elementor-divider\">\n\t\t\t<span class=\"elementor-divider-separator\">\n\t\t\t\t\t\t<\/span>\n\t\t<\/div>\n\t\t\t\t\t\t<\/div>\n\t\t\t\t<\/div>\n\t\t\t\t<div class=\"elementor-element elementor-element-1a45e06 elementor-widget elementor-widget-text-editor\" data-id=\"1a45e06\" data-element_type=\"widget\" data-e-type=\"widget\" data-widget_type=\"text-editor.default\">\n\t\t\t\t<div class=\"elementor-widget-container\">\n\t\t\t\t\t\t\t\t\t<p>Gran Canaria ist auch ein Paradies f\u00fcr Sport und Outdoor-Aktivit\u00e4ten. Vom Surfen am Playa de Las Canteras bis zum Golfen auf internationalen Pl\u00e4tzen bietet die Insel Optionen f\u00fcr jeden Geschmack. Wenn Sie es lieber entspannter angehen m\u00f6chten, empfehlen wir Ihnen eine Bootsfahrt zur Delfinbeobachtung oder einen Tauchgang, um das reiche Meeresleben der Gegend zu erkunden.<\/p>\t\t\t\t\t\t\t\t<\/div>\n\t\t\t\t<\/div>\n\t\t\t\t<\/div>\n\t\t<div class=\"elementor-element elementor-element-df70a19 e-con-full e-flex e-con e-child\" data-id=\"df70a19\" data-element_type=\"container\" data-e-type=\"container\" data-settings=\"{&quot;background_background&quot;:&quot;classic&quot;}\">\n\t\t\t\t<\/div>\n\t\t\t\t\t<\/div>\n\t\t\t\t<\/div>\n\t\t<div class=\"elementor-element elementor-element-0543eb0 e-flex e-con-boxed e-con e-parent\" data-id=\"0543eb0\" data-element_type=\"container\" data-e-type=\"container\">\n\t\t\t\t\t<div class=\"e-con-inner\">\n\t\t<div class=\"elementor-element elementor-element-b47bef1 e-con-full e-flex e-con e-child\" data-id=\"b47bef1\" data-element_type=\"container\" data-e-type=\"container\" data-settings=\"{&quot;background_background&quot;:&quot;classic&quot;}\">\n\t\t\t\t<\/div>\n\t\t<div class=\"elementor-element elementor-element-cc83d6f e-con-full e-flex e-con e-child\" data-id=\"cc83d6f\" data-element_type=\"container\" data-e-type=\"container\">\n\t\t\t\t<div class=\"elementor-element elementor-element-5b50024 elementor-widget elementor-widget-heading\" data-id=\"5b50024\" data-element_type=\"widget\" data-e-type=\"widget\" data-widget_type=\"heading.default\">\n\t\t\t\t<div class=\"elementor-widget-container\">\n\t\t\t\t\t<h2 class=\"elementor-heading-title elementor-size-default\">Veranstaltungen und Nachtleben\n<\/h2>\t\t\t\t<\/div>\n\t\t\t\t<\/div>\n\t\t\t\t<div class=\"elementor-element elementor-element-a833c27 elementor-widget-divider--view-line elementor-widget elementor-widget-divider\" data-id=\"a833c27\" data-element_type=\"widget\" data-e-type=\"widget\" data-widget_type=\"divider.default\">\n\t\t\t\t<div class=\"elementor-widget-container\">\n\t\t\t\t\t\t\t<div class=\"elementor-divider\">\n\t\t\t<span class=\"elementor-divider-separator\">\n\t\t\t\t\t\t<\/span>\n\t\t<\/div>\n\t\t\t\t\t\t<\/div>\n\t\t\t\t<\/div>\n\t\t\t\t<div class=\"elementor-element elementor-element-0645f3e elementor-widget elementor-widget-text-editor\" data-id=\"0645f3e\" data-element_type=\"widget\" data-e-type=\"widget\" data-widget_type=\"text-editor.default\">\n\t\t\t\t<div class=\"elementor-widget-container\">\n\t\t\t\t\t\t\t\t\t<p>Las Palmas de Gran Canaria bietet ein pulsierendes Nachtleben und das ganze Jahr \u00fcber eine gro\u00dfe Auswahl an Veranstaltungen. Von Musik- und Filmfestivals bis hin zu traditionellen lokalen Festen gibt es immer etwas Interessantes zu tun. Verpassen Sie nicht den ber\u00fchmten Karneval von Las Palmas, eines der wichtigsten und farbenfrohesten Feste der Insel.<\/p>\t\t\t\t\t\t\t\t<\/div>\n\t\t\t\t<\/div>\n\t\t\t\t<\/div>\n\t\t\t\t\t<\/div>\n\t\t\t\t<\/div>\n\t\t<div class=\"elementor-element elementor-element-ae7f160 e-flex e-con-boxed e-con e-parent\" data-id=\"ae7f160\" data-element_type=\"container\" data-e-type=\"container\" data-settings=\"{&quot;background_background&quot;:&quot;classic&quot;}\">\n\t\t\t\t\t<div class=\"e-con-inner\">\n\t\t\t\t<div class=\"elementor-element elementor-element-19bbb5e elementor-widget__width-initial elementor-widget elementor-widget-text-editor\" data-id=\"19bbb5e\" data-element_type=\"widget\" data-e-type=\"widget\" data-widget_type=\"text-editor.default\">\n\t\t\t\t<div class=\"elementor-widget-container\">\n\t\t\t\t\t\t\t\t\t<p><b>Unser Hotel ist der perfekte Ausgangspunkt, um alles zu entdecken, was Gran Canaria zu bieten hat. Wir laden Sie ein, ein Reiseziel zu erkunden und zu genie\u00dfen, das niemanden gleichg\u00fcltig l\u00e4sst.<\/b><\/p>\t\t\t\t\t\t\t\t<\/div>\n\t\t\t\t<\/div>\n\t\t<div class=\"elementor-element elementor-element-1255cfd e-con-full e-flex e-con e-child\" data-id=\"1255cfd\" data-element_type=\"container\" data-e-type=\"container\">\n\t\t\t\t<div class=\"elementor-element elementor-element-08c33a8 elementor-widget__width-initial elementor-widget elementor-widget-button\" data-id=\"08c33a8\" data-element_type=\"widget\" data-e-type=\"widget\" data-widget_type=\"button.default\">\n\t\t\t\t<div class=\"elementor-widget-container\">\n\t\t\t\t\t\t\t\t\t<div class=\"elementor-button-wrapper\">\n\t\t\t\t\t<a class=\"elementor-button elementor-button-link elementor-size-sm elementor-animation-grow\" href=\"https:\/\/booking.casaboissier.com\/?code=16624246\" target=\"_blank\">\n\t\t\t\t\t\t<span class=\"elementor-button-content-wrapper\">\n\t\t\t\t\t\t\t\t\t<span class=\"elementor-button-text\">JETZT BUCHEN<\/span>\n\t\t\t\t\t<\/span>\n\t\t\t\t\t<\/a>\n\t\t\t\t<\/div>\n\t\t\t\t\t\t\t\t<\/div>\n\t\t\t\t<\/div>\n\t\t\t\t<div class=\"elementor-element elementor-element-02f5e4d elementor-align-left elementor-widget__width-initial elementor-widget elementor-widget-button\" data-id=\"02f5e4d\" data-element_type=\"widget\" data-e-type=\"widget\" data-widget_type=\"button.default\">\n\t\t\t\t<div class=\"elementor-widget-container\">\n\t\t\t\t\t\t\t\t\t<div class=\"elementor-button-wrapper\">\n\t\t\t\t\t<a class=\"elementor-button elementor-button-link elementor-size-sm elementor-animation-grow\" href=\"https:\/\/casaboissier.com\/de\/contacto-con-casa-boissier\/\" target=\"_blank\">\n\t\t\t\t\t\t<span class=\"elementor-button-content-wrapper\">\n\t\t\t\t\t\t\t\t\t<span class=\"elementor-button-text\">KONTAKT<\/span>\n\t\t\t\t\t<\/span>\n\t\t\t\t\t<\/a>\n\t\t\t\t<\/div>\n\t\t\t\t\t\t\t\t<\/div>\n\t\t\t\t<\/div>\n\t\t\t\t<\/div>\n\t\t\t\t\t<\/div>\n\t\t\t\t<\/div>\n\t\t\t\t<\/div>\n\t\t","protected":false},"excerpt":{"rendered":"<p>Reiseziele und Aktivit\u00e4ten Unser Hotel liegt im Herzen von Las Palmas de Gran Canaria und l\u00e4dt Sie ein, eine Insel zu entdecken, die den Charme der Tradition perfekt mit der Modernit\u00e4t einer kosmopolitischen Stadt verbindet. Las Palmas de Gran Canaria ist ein pulsierendes Reiseziel, bekannt f\u00fcr sein privilegiertes Klima, seine spektakul\u00e4ren Str\u00e4nde und ein kulturelles [&hellip;]<\/p>\n","protected":false},"author":1,"featured_media":0,"parent":0,"menu_order":0,"comment_status":"closed","ping_status":"closed","template":"","meta":{"footnotes":""},"class_list":["post-1575","page","type-page","status-publish","hentry"],"yoast_head":"<!-- This site is optimized with the Yoast SEO plugin v27.5 - https:\/\/yoast.com\/product\/yoast-seo-wordpress\/ -->\n<title>Destino y Actividades Casa Boissier - Las Palmas de Gran Canaria<\/title>\n<meta name=\"description\" content=\"Destino y actividades: Casa Boissier te invita a descubrir una isla que combina el encanto de la tradici\u00f3n con la modernidad.\" \/>\n<meta name=\"robots\" content=\"index, follow, max-snippet:-1, max-image-preview:large, max-video-preview:-1\" \/>\n<link rel=\"canonical\" href=\"https:\/\/casaboissier.com\/de\/destino-y-actividades-casa-boissier\/\" \/>\n<meta property=\"og:locale\" content=\"es_ES\" \/>\n<meta property=\"og:type\" content=\"article\" \/>\n<meta property=\"og:title\" content=\"Destino y Actividades Casa Boissier - Las Palmas de Gran Canaria\" \/>\n<meta property=\"og:description\" content=\"Destino y actividades: Casa Boissier te invita a descubrir una isla que combina el encanto de la tradici\u00f3n con la modernidad.\" \/>\n<meta property=\"og:url\" content=\"https:\/\/casaboissier.com\/de\/destino-y-actividades-casa-boissier\/\" \/>\n<meta property=\"og:site_name\" content=\"casaboissier de\" \/>\n<meta property=\"article:modified_time\" content=\"2024-10-03T08:43:32+00:00\" \/>\n<meta name=\"twitter:card\" content=\"summary_large_image\" \/>\n<meta name=\"twitter:label1\" content=\"Tiempo de lectura\" \/>\n\t<meta name=\"twitter:data1\" content=\"3 minutos\" \/>\n<script type=\"application\/ld+json\" class=\"yoast-schema-graph\">{\"@context\":\"https:\\\/\\\/schema.org\",\"@graph\":[{\"@type\":\"WebPage\",\"@id\":\"https:\\\/\\\/casaboissier.com\\\/de\\\/destino-y-actividades-casa-boissier\\\/\",\"url\":\"https:\\\/\\\/casaboissier.com\\\/de\\\/destino-y-actividades-casa-boissier\\\/\",\"name\":\"Destino y Actividades Casa Boissier - Las Palmas de Gran Canaria\",\"isPartOf\":{\"@id\":\"https:\\\/\\\/casaboissier.com\\\/de\\\/#website\"},\"datePublished\":\"2024-07-30T11:40:30+00:00\",\"dateModified\":\"2024-10-03T08:43:32+00:00\",\"description\":\"Destino y actividades: Casa Boissier te invita a descubrir una isla que combina el encanto de la tradici\u00f3n con la modernidad.\",\"breadcrumb\":{\"@id\":\"https:\\\/\\\/casaboissier.com\\\/de\\\/destino-y-actividades-casa-boissier\\\/#breadcrumb\"},\"inLanguage\":\"es\",\"potentialAction\":[{\"@type\":\"ReadAction\",\"target\":[\"https:\\\/\\\/casaboissier.com\\\/de\\\/destino-y-actividades-casa-boissier\\\/\"]}]},{\"@type\":\"BreadcrumbList\",\"@id\":\"https:\\\/\\\/casaboissier.com\\\/de\\\/destino-y-actividades-casa-boissier\\\/#breadcrumb\",\"itemListElement\":[{\"@type\":\"ListItem\",\"position\":1,\"name\":\"Portada\",\"item\":\"https:\\\/\\\/casaboissier.com\\\/de\\\/\"},{\"@type\":\"ListItem\",\"position\":2,\"name\":\"Destino y Actividades Casa Boissier\"}]},{\"@type\":\"WebSite\",\"@id\":\"https:\\\/\\\/casaboissier.com\\\/de\\\/#website\",\"url\":\"https:\\\/\\\/casaboissier.com\\\/de\\\/\",\"name\":\"casaboissier de\",\"description\":\"Casa Boissier - Bed &amp; Breakfast\",\"publisher\":{\"@id\":\"https:\\\/\\\/casaboissier.com\\\/de\\\/#organization\"},\"potentialAction\":[{\"@type\":\"SearchAction\",\"target\":{\"@type\":\"EntryPoint\",\"urlTemplate\":\"https:\\\/\\\/casaboissier.com\\\/de\\\/?s={search_term_string}\"},\"query-input\":{\"@type\":\"PropertyValueSpecification\",\"valueRequired\":true,\"valueName\":\"search_term_string\"}}],\"inLanguage\":\"es\"},{\"@type\":\"Organization\",\"@id\":\"https:\\\/\\\/casaboissier.com\\\/de\\\/#organization\",\"name\":\"casaboissier de\",\"url\":\"https:\\\/\\\/casaboissier.com\\\/de\\\/\",\"logo\":{\"@type\":\"ImageObject\",\"inLanguage\":\"es\",\"@id\":\"https:\\\/\\\/casaboissier.com\\\/de\\\/#\\\/schema\\\/logo\\\/image\\\/\",\"url\":\"https:\\\/\\\/casaboissier.com\\\/de\\\/wp-content\\\/uploads\\\/sites\\\/6\\\/MOCKUP-LOGO-CASA-BOISSIER-1.webp\",\"contentUrl\":\"https:\\\/\\\/casaboissier.com\\\/de\\\/wp-content\\\/uploads\\\/sites\\\/6\\\/MOCKUP-LOGO-CASA-BOISSIER-1.webp\",\"width\":600,\"height\":178,\"caption\":\"casaboissier de\"},\"image\":{\"@id\":\"https:\\\/\\\/casaboissier.com\\\/de\\\/#\\\/schema\\\/logo\\\/image\\\/\"}}]}<\/script>\n<!-- \/ Yoast SEO plugin. -->","yoast_head_json":{"title":"Destino y Actividades Casa Boissier - Las Palmas de Gran Canaria","description":"Destino y actividades: Casa Boissier te invita a descubrir una isla que combina el encanto de la tradici\u00f3n con la modernidad.","robots":{"index":"index","follow":"follow","max-snippet":"max-snippet:-1","max-image-preview":"max-image-preview:large","max-video-preview":"max-video-preview:-1"},"canonical":"https:\/\/casaboissier.com\/de\/destino-y-actividades-casa-boissier\/","og_locale":"es_ES","og_type":"article","og_title":"Destino y Actividades Casa Boissier - Las Palmas de Gran Canaria","og_description":"Destino y actividades: Casa Boissier te invita a descubrir una isla que combina el encanto de la tradici\u00f3n con la modernidad.","og_url":"https:\/\/casaboissier.com\/de\/destino-y-actividades-casa-boissier\/","og_site_name":"casaboissier de","article_modified_time":"2024-10-03T08:43:32+00:00","twitter_card":"summary_large_image","twitter_misc":{"Tiempo de lectura":"3 minutos"},"schema":{"@context":"https:\/\/schema.org","@graph":[{"@type":"WebPage","@id":"https:\/\/casaboissier.com\/de\/destino-y-actividades-casa-boissier\/","url":"https:\/\/casaboissier.com\/de\/destino-y-actividades-casa-boissier\/","name":"Destino y Actividades Casa Boissier - Las Palmas de Gran Canaria","isPartOf":{"@id":"https:\/\/casaboissier.com\/de\/#website"},"datePublished":"2024-07-30T11:40:30+00:00","dateModified":"2024-10-03T08:43:32+00:00","description":"Destino y actividades: Casa Boissier te invita a descubrir una isla que combina el encanto de la tradici\u00f3n con la modernidad.","breadcrumb":{"@id":"https:\/\/casaboissier.com\/de\/destino-y-actividades-casa-boissier\/#breadcrumb"},"inLanguage":"es","potentialAction":[{"@type":"ReadAction","target":["https:\/\/casaboissier.com\/de\/destino-y-actividades-casa-boissier\/"]}]},{"@type":"BreadcrumbList","@id":"https:\/\/casaboissier.com\/de\/destino-y-actividades-casa-boissier\/#breadcrumb","itemListElement":[{"@type":"ListItem","position":1,"name":"Portada","item":"https:\/\/casaboissier.com\/de\/"},{"@type":"ListItem","position":2,"name":"Destino y Actividades Casa Boissier"}]},{"@type":"WebSite","@id":"https:\/\/casaboissier.com\/de\/#website","url":"https:\/\/casaboissier.com\/de\/","name":"casaboissier de","description":"Casa Boissier - Bed &amp; Breakfast","publisher":{"@id":"https:\/\/casaboissier.com\/de\/#organization"},"potentialAction":[{"@type":"SearchAction","target":{"@type":"EntryPoint","urlTemplate":"https:\/\/casaboissier.com\/de\/?s={search_term_string}"},"query-input":{"@type":"PropertyValueSpecification","valueRequired":true,"valueName":"search_term_string"}}],"inLanguage":"es"},{"@type":"Organization","@id":"https:\/\/casaboissier.com\/de\/#organization","name":"casaboissier de","url":"https:\/\/casaboissier.com\/de\/","logo":{"@type":"ImageObject","inLanguage":"es","@id":"https:\/\/casaboissier.com\/de\/#\/schema\/logo\/image\/","url":"https:\/\/casaboissier.com\/de\/wp-content\/uploads\/sites\/6\/MOCKUP-LOGO-CASA-BOISSIER-1.webp","contentUrl":"https:\/\/casaboissier.com\/de\/wp-content\/uploads\/sites\/6\/MOCKUP-LOGO-CASA-BOISSIER-1.webp","width":600,"height":178,"caption":"casaboissier de"},"image":{"@id":"https:\/\/casaboissier.com\/de\/#\/schema\/logo\/image\/"}}]}},"_links":{"self":[{"href":"https:\/\/casaboissier.com\/de\/wp-json\/wp\/v2\/pages\/1575","targetHints":{"allow":["GET"]}}],"collection":[{"href":"https:\/\/casaboissier.com\/de\/wp-json\/wp\/v2\/pages"}],"about":[{"href":"https:\/\/casaboissier.com\/de\/wp-json\/wp\/v2\/types\/page"}],"author":[{"embeddable":true,"href":"https:\/\/casaboissier.com\/de\/wp-json\/wp\/v2\/users\/1"}],"replies":[{"embeddable":true,"href":"https:\/\/casaboissier.com\/de\/wp-json\/wp\/v2\/comments?post=1575"}],"version-history":[{"count":12,"href":"https:\/\/casaboissier.com\/de\/wp-json\/wp\/v2\/pages\/1575\/revisions"}],"predecessor-version":[{"id":2023,"href":"https:\/\/casaboissier.com\/de\/wp-json\/wp\/v2\/pages\/1575\/revisions\/2023"}],"wp:attachment":[{"href":"https:\/\/casaboissier.com\/de\/wp-json\/wp\/v2\/media?parent=1575"}],"curies":[{"name":"wp","href":"https:\/\/api.w.org\/{rel}","templated":true}]}}